{"id":16,"date":"2025-11-20T14:23:40","date_gmt":"2025-11-20T13:23:40","guid":{"rendered":"https:\/\/matrex.hr\/advent\/?page_id=16"},"modified":"2025-11-20T14:23:40","modified_gmt":"2025-11-20T13:23:40","slug":"pobjednici","status":"publish","type":"page","link":"https:\/\/matrex.hr\/adventskikalendar\/?page_id=16","title":{"rendered":"Pobjednici"},"content":{"rendered":"    <table class=\"matrex-winners\">\n      <thead>\n        <tr>\n          <th>Dan<\/th>\n          <th>Dobitnik<\/th>\n          <th>E-mail<\/th>\n          <th>Nagrada<\/th>\n          <th>Na\u010din odabira<\/th>\n        <\/tr>\n      <\/thead>\n      <tbody>\n              <tr>\n          <td>1<\/td>\n          <td>Tea Komes<\/td>\n          <td>tea.komes3@gmail.com<\/td>\n          <td>BOSCH MSM4W210 \u2013 \u0161tapni mikser bijeli<\/td>\n          <td>Nasumi\u010dni odabir me\u0111u to\u010dnim odgovorima<\/td>\n        <\/tr>\n              <tr>\n          <td>2<\/td>\n          <td>Almira Hudoletnjak<\/td>\n          <td>almirabreski1@gmail.com<\/td>\n          <td>BOSCH MSM4B621 \u2013 \u0161tapni mikser crni<\/td>\n          <td>Nasumi\u010dni odabir me\u0111u to\u010dnim odgovorima<\/td>\n        <\/tr>\n              <tr>\n          <td>3<\/td>\n          <td>Karolina Lackovi\u0107<\/td>\n          <td>karolina.lackovic@gmail.com<\/td>\n          <td>BOSCH MFQ40304 \u2013 ru\u010dni mikser crveni<\/td>\n          <td>Nasumi\u010dni odabir me\u0111u to\u010dnim odgovorima<\/td>\n        <\/tr>\n              <tr>\n          <td>4<\/td>\n          <td>Gordana Jurkin<\/td>\n          <td>gordanaj29@gmail.com<\/td>\n          <td>BOSCH MFQ2420B \u2013 ru\u010dni mikser crni<\/td>\n          <td>Nasumi\u010dni odabir me\u0111u to\u010dnim odgovorima<\/td>\n        <\/tr>\n              <tr>\n          <td>5<\/td>\n          <td>Jasminka Kralj<\/td>\n          <td>kralj.jasminka@gmail.com<\/td>\n          <td>BOSCH TAT3P424 \u2013 toster crveni<\/td>\n          <td>Nasumi\u010dni odabir me\u0111u to\u010dnim odgovorima<\/td>\n        <\/tr>\n              <tr>\n          <td>6<\/td>\n          <td>Jadranka Bakjac<\/td>\n          <td>bakjacjadranka@yahoo.com<\/td>\n          <td>BOSCH TAT2M123 \u2013 toster crni<\/td>\n          <td>Nasumi\u010dni odabir me\u0111u to\u010dnim odgovorima<\/td>\n        <\/tr>\n              <tr>\n          <td>7<\/td>\n          <td>alen Ga\u0161par<\/td>\n          <td>gasparalen40@gmail.com<\/td>\n          <td>BOSCH TWK1M124 \u2013 kuhalo crveno<\/td>\n          <td>Nasumi\u010dni odabir me\u0111u to\u010dnim odgovorima<\/td>\n        <\/tr>\n              <tr>\n          <td>8<\/td>\n          <td>Vesnica Barbir<\/td>\n          <td>mbarbir0303@gmail.com<\/td>\n          <td>BOSCH 2607017563 \u2013 set nastavaka 26<\/td>\n          <td>Nasumi\u010dni odabir me\u0111u to\u010dnim odgovorima<\/td>\n        <\/tr>\n              <tr>\n          <td>9<\/td>\n          <td>Zdravko Peharda<\/td>\n          <td>zdrave65@gmail.com<\/td>\n          <td>BOSCH 2607019324 \u2013 30-dijelni X-LINE<\/td>\n          <td>Nasumi\u010dni odabir me\u0111u to\u010dnim odgovorima<\/td>\n        <\/tr>\n              <tr>\n          <td>10<\/td>\n          <td>Ivanka Forjan<\/td>\n          <td>ivankaforjan.if@gmail.com<\/td>\n          <td>BOSCH 2607010608 \u2013 34-dijelni X-LINE<\/td>\n          <td>Nasumi\u010dni odabir me\u0111u to\u010dnim odgovorima<\/td>\n        <\/tr>\n              <tr>\n          <td>11<\/td>\n          <td>Andrea Bicanic<\/td>\n          <td>andream28g@gmail.com<\/td>\n          <td>BOSCH MFQ2420B \u2013 ru\u010dni mikser crni<\/td>\n          <td>Nasumi\u010dni odabir me\u0111u to\u010dnim odgovorima<\/td>\n        <\/tr>\n              <tr>\n          <td>12<\/td>\n          <td>Mladen Ba\u010di\u0107<\/td>\n          <td>malinorab56@gmail.com<\/td>\n          <td>BOSCH MSM4W210 \u2013 \u0161tapni mikser bijeli<\/td>\n          <td>Nasumi\u010dni odabir me\u0111u to\u010dnim odgovorima<\/td>\n        <\/tr>\n              <tr>\n          <td>13<\/td>\n          <td>Marija Bun\u010dec<\/td>\n          <td>marija.buncec@gmail.com<\/td>\n          <td>BOSCH TAT2M123 \u2013 toster crni<\/td>\n          <td>Nasumi\u010dni odabir me\u0111u to\u010dnim odgovorima<\/td>\n        <\/tr>\n              <tr>\n          <td>14<\/td>\n          <td>Lana Perko<\/td>\n          <td>lana.perko2@gmail.com<\/td>\n          <td>BOSCH TWK1M124 \u2013 kuhalo crveno<\/td>\n          <td>Nasumi\u010dni odabir me\u0111u to\u010dnim odgovorima<\/td>\n        <\/tr>\n              <tr>\n          <td>15<\/td>\n          <td>ZDRAVKO PEHARDA<\/td>\n          <td>pehardz3@gmail.com<\/td>\n          <td>BOSCH MSM4B621 \u2013 \u0161tapni mikser crni<\/td>\n          <td>Nasumi\u010dni odabir me\u0111u to\u010dnim odgovorima<\/td>\n        <\/tr>\n              <tr>\n          <td>16<\/td>\n          <td>Jelena Javor<\/td>\n          <td>jelenajavor.jj@gmail.com<\/td>\n          <td>BOSCH 2607017563 \u2013 set nastavaka 26<\/td>\n          <td>Nasumi\u010dni odabir me\u0111u to\u010dnim odgovorima<\/td>\n        <\/tr>\n              <tr>\n          <td>17<\/td>\n          <td>Igor Vrgo\u010d<\/td>\n          <td>igorvrgoc956@gmail.com<\/td>\n          <td>BOSCH 2607010608 \u2013 34-dijelni X-LINE<\/td>\n          <td>Nasumi\u010dni odabir me\u0111u to\u010dnim odgovorima<\/td>\n        <\/tr>\n              <tr>\n          <td>18<\/td>\n          <td>Adela E\u010dimovi\u0107<\/td>\n          <td>adela.ecimovic@gmail.com<\/td>\n          <td>BOSCH MFQ40304 \u2013 ru\u010dni mikser crveni<\/td>\n          <td>Nasumi\u010dni odabir me\u0111u to\u010dnim odgovorima<\/td>\n        <\/tr>\n              <tr>\n          <td>19<\/td>\n          <td>Miro Vinkovic<\/td>\n          <td>mvinkovic0702@gmail.com<\/td>\n          <td>BOSCH 2607019324 \u2013 30-dijelni X-LINE<\/td>\n          <td>Nasumi\u010dni odabir me\u0111u to\u010dnim odgovorima<\/td>\n        <\/tr>\n              <tr>\n          <td>20<\/td>\n          <td>Miro Milin<\/td>\n          <td>mirom27@gmail.com<\/td>\n          <td>BOSCH TAT3P424 \u2013 toster crveni<\/td>\n          <td>Nasumi\u010dni odabir me\u0111u to\u010dnim odgovorima<\/td>\n        <\/tr>\n              <tr>\n          <td>21<\/td>\n          <td>\u0160tefanija \u0160imuni\u0107<\/td>\n          <td>stefanijasimunic@gmail.com<\/td>\n          <td>BOSCH MSM4W210 \u2013 \u0161tapni mikser bijeli<\/td>\n          <td>Nasumi\u010dni odabir me\u0111u to\u010dnim odgovorima<\/td>\n        <\/tr>\n              <tr>\n          <td>22<\/td>\n          <td>Gordana Bira\u010d<\/td>\n          <td>gordana.birac@bj.t-com.hr<\/td>\n          <td>BOSCH MFQ2420B \u2013 ru\u010dni mikser crni<\/td>\n          <td>Nasumi\u010dni odabir me\u0111u to\u010dnim odgovorima<\/td>\n        <\/tr>\n              <tr>\n          <td>23<\/td>\n          <td>Alan Lackovi\u0107<\/td>\n          <td>alan.lackovic@gmail.com<\/td>\n          <td>BOSCH TAT2M123 \u2013 toster crni<\/td>\n          <td>Nasumi\u010dni odabir me\u0111u to\u010dnim odgovorima<\/td>\n        <\/tr>\n              <tr>\n          <td>24<\/td>\n          <td>Ljiljana Varga<\/td>\n          <td>ljiljanav@gmail.com<\/td>\n          <td>BOSCH TWK1M124 \u2013 kuhalo crveno<\/td>\n          <td>Nasumi\u010dni odabir me\u0111u to\u010dnim odgovorima<\/td>\n        <\/tr>\n            <\/tbody>\n    <\/table>\n    \n","protected":false},"excerpt":{"rendered":"","protected":false},"author":1,"featured_media":0,"parent":0,"menu_order":0,"comment_status":"closed","ping_status":"closed","template":"","meta":{"site-sidebar-layout":"default","site-content-layout":"","ast-site-content-layout":"default","site-content-style":"default","site-sidebar-style":"default","ast-global-header-display":"","ast-banner-title-visibility":"","ast-main-header-display":"","ast-hfb-above-header-display":"","ast-hfb-below-header-display":"","ast-hfb-mobile-header-display":"","site-post-title":"","ast-breadcrumbs-content":"","ast-featured-img":"","footer-sml-layout":"","theme-transparent-header-meta":"","adv-header-id-meta":"","stick-header-meta":"","header-above-stick-meta":"","header-main-stick-meta":"","header-below-stick-meta":"","astra-migrate-meta-layouts":"default","ast-page-background-enabled":"default","ast-page-background-meta":{"desktop":{"background-color":"var(--ast-global-color-5)","background-image":"","background-repeat":"repeat","background-position":"center center","background-size":"auto","background-attachment":"scroll","background-type":"","background-media":"","overlay-type":"","overlay-color":"","overlay-opacity":"","overlay-gradient":""},"tablet":{"background-color":"","background-image":"","background-repeat":"repeat","background-position":"center center","background-size":"auto","background-attachment":"scroll","background-type":"","background-media":"","overlay-type":"","overlay-color":"","overlay-opacity":"","overlay-gradient":""},"mobile":{"background-color":"","background-image":"","background-repeat":"repeat","background-position":"center center","background-size":"auto","background-attachment":"scroll","background-type":"","background-media":"","overlay-type":"","overlay-color":"","overlay-opacity":"","overlay-gradient":""}},"ast-content-background-meta":{"desktop":{"background-color":"var(--ast-global-color-4)","background-image":"","background-repeat":"repeat","background-position":"center center","background-size":"auto","background-attachment":"scroll","background-type":"","background-media":"","overlay-type":"","overlay-color":"","overlay-opacity":"","overlay-gradient":""},"tablet":{"background-color":"var(--ast-global-color-4)","background-image":"","background-repeat":"repeat","background-position":"center center","background-size":"auto","background-attachment":"scroll","background-type":"","background-media":"","overlay-type":"","overlay-color":"","overlay-opacity":"","overlay-gradient":""},"mobile":{"background-color":"var(--ast-global-color-4)","background-image":"","background-repeat":"repeat","background-position":"center center","background-size":"auto","background-attachment":"scroll","background-type":"","background-media":"","overlay-type":"","overlay-color":"","overlay-opacity":"","overlay-gradient":""}},"footnotes":""},"class_list":["post-16","page","type-page","status-publish","hentry"],"yoast_head":"<!-- This site is optimized with the Yoast SEO plugin v26.5 - https:\/\/yoast.com\/wordpress\/plugins\/seo\/ -->\n<title>Pobjednici -<\/title>\n<meta name=\"robots\" content=\"index, follow, max-snippet:-1, max-image-preview:large, max-video-preview:-1\" \/>\n<link rel=\"canonical\" href=\"https:\/\/matrex.hr\/adventskikalendar\/?page_id=16\" \/>\n<meta property=\"og:locale\" content=\"hr_HR\" \/>\n<meta property=\"og:type\" content=\"article\" \/>\n<meta property=\"og:title\" content=\"Pobjednici -\" \/>\n<meta property=\"og:url\" content=\"https:\/\/matrex.hr\/adventskikalendar\/?page_id=16\" \/>\n<meta name=\"twitter:card\" content=\"summary_large_image\" \/>\n<script type=\"application\/ld+json\" class=\"yoast-schema-graph\">{\"@context\":\"https:\/\/schema.org\",\"@graph\":[{\"@type\":\"WebPage\",\"@id\":\"https:\/\/matrex.hr\/adventskikalendar\/?page_id=16\",\"url\":\"https:\/\/matrex.hr\/adventskikalendar\/?page_id=16\",\"name\":\"Pobjednici -\",\"isPartOf\":{\"@id\":\"https:\/\/matrex.hr\/adventskikalendar\/#website\"},\"datePublished\":\"2025-11-20T13:23:40+00:00\",\"breadcrumb\":{\"@id\":\"https:\/\/matrex.hr\/adventskikalendar\/?page_id=16#breadcrumb\"},\"inLanguage\":\"hr\",\"potentialAction\":[{\"@type\":\"ReadAction\",\"target\":[\"https:\/\/matrex.hr\/adventskikalendar\/?page_id=16\"]}]},{\"@type\":\"BreadcrumbList\",\"@id\":\"https:\/\/matrex.hr\/adventskikalendar\/?page_id=16#breadcrumb\",\"itemListElement\":[{\"@type\":\"ListItem\",\"position\":1,\"name\":\"Po\u010detna stranica\",\"item\":\"https:\/\/matrex.hr\/adventskikalendar\/\"},{\"@type\":\"ListItem\",\"position\":2,\"name\":\"Pobjednici\"}]},{\"@type\":\"WebSite\",\"@id\":\"https:\/\/matrex.hr\/adventskikalendar\/#website\",\"url\":\"https:\/\/matrex.hr\/adventskikalendar\/\",\"name\":\"MATREX ADVENTSKI KALENDAR 2025.\",\"description\":\"MATREX ADVENTSKI KALENDAR 2025.\",\"publisher\":{\"@id\":\"https:\/\/matrex.hr\/adventskikalendar\/#organization\"},\"potentialAction\":[{\"@type\":\"SearchAction\",\"target\":{\"@type\":\"EntryPoint\",\"urlTemplate\":\"https:\/\/matrex.hr\/adventskikalendar\/?s={search_term_string}\"},\"query-input\":{\"@type\":\"PropertyValueSpecification\",\"valueRequired\":true,\"valueName\":\"search_term_string\"}}],\"inLanguage\":\"hr\"},{\"@type\":\"Organization\",\"@id\":\"https:\/\/matrex.hr\/adventskikalendar\/#organization\",\"name\":\"MATREX\",\"url\":\"https:\/\/matrex.hr\/adventskikalendar\/\",\"logo\":{\"@type\":\"ImageObject\",\"inLanguage\":\"hr\",\"@id\":\"https:\/\/matrex.hr\/adventskikalendar\/#\/schema\/logo\/image\/\",\"url\":\"https:\/\/matrex.hr\/adventskikalendar\/wp-content\/uploads\/2025\/11\/logo.png\",\"contentUrl\":\"https:\/\/matrex.hr\/adventskikalendar\/wp-content\/uploads\/2025\/11\/logo.png\",\"width\":531,\"height\":98,\"caption\":\"MATREX\"},\"image\":{\"@id\":\"https:\/\/matrex.hr\/adventskikalendar\/#\/schema\/logo\/image\/\"}}]}<\/script>\n<!-- \/ Yoast SEO plugin. -->","yoast_head_json":{"title":"Pobjednici -","robots":{"index":"index","follow":"follow","max-snippet":"max-snippet:-1","max-image-preview":"max-image-preview:large","max-video-preview":"max-video-preview:-1"},"canonical":"https:\/\/matrex.hr\/adventskikalendar\/?page_id=16","og_locale":"hr_HR","og_type":"article","og_title":"Pobjednici -","og_url":"https:\/\/matrex.hr\/adventskikalendar\/?page_id=16","twitter_card":"summary_large_image","schema":{"@context":"https:\/\/schema.org","@graph":[{"@type":"WebPage","@id":"https:\/\/matrex.hr\/adventskikalendar\/?page_id=16","url":"https:\/\/matrex.hr\/adventskikalendar\/?page_id=16","name":"Pobjednici -","isPartOf":{"@id":"https:\/\/matrex.hr\/adventskikalendar\/#website"},"datePublished":"2025-11-20T13:23:40+00:00","breadcrumb":{"@id":"https:\/\/matrex.hr\/adventskikalendar\/?page_id=16#breadcrumb"},"inLanguage":"hr","potentialAction":[{"@type":"ReadAction","target":["https:\/\/matrex.hr\/adventskikalendar\/?page_id=16"]}]},{"@type":"BreadcrumbList","@id":"https:\/\/matrex.hr\/adventskikalendar\/?page_id=16#breadcrumb","itemListElement":[{"@type":"ListItem","position":1,"name":"Po\u010detna stranica","item":"https:\/\/matrex.hr\/adventskikalendar\/"},{"@type":"ListItem","position":2,"name":"Pobjednici"}]},{"@type":"WebSite","@id":"https:\/\/matrex.hr\/adventskikalendar\/#website","url":"https:\/\/matrex.hr\/adventskikalendar\/","name":"MATREX ADVENTSKI KALENDAR 2025.","description":"MATREX ADVENTSKI KALENDAR 2025.","publisher":{"@id":"https:\/\/matrex.hr\/adventskikalendar\/#organization"},"potentialAction":[{"@type":"SearchAction","target":{"@type":"EntryPoint","urlTemplate":"https:\/\/matrex.hr\/adventskikalendar\/?s={search_term_string}"},"query-input":{"@type":"PropertyValueSpecification","valueRequired":true,"valueName":"search_term_string"}}],"inLanguage":"hr"},{"@type":"Organization","@id":"https:\/\/matrex.hr\/adventskikalendar\/#organization","name":"MATREX","url":"https:\/\/matrex.hr\/adventskikalendar\/","logo":{"@type":"ImageObject","inLanguage":"hr","@id":"https:\/\/matrex.hr\/adventskikalendar\/#\/schema\/logo\/image\/","url":"https:\/\/matrex.hr\/adventskikalendar\/wp-content\/uploads\/2025\/11\/logo.png","contentUrl":"https:\/\/matrex.hr\/adventskikalendar\/wp-content\/uploads\/2025\/11\/logo.png","width":531,"height":98,"caption":"MATREX"},"image":{"@id":"https:\/\/matrex.hr\/adventskikalendar\/#\/schema\/logo\/image\/"}}]}},"_links":{"self":[{"href":"https:\/\/matrex.hr\/adventskikalendar\/index.php?rest_route=\/wp\/v2\/pages\/16","targetHints":{"allow":["GET"]}}],"collection":[{"href":"https:\/\/matrex.hr\/adventskikalendar\/index.php?rest_route=\/wp\/v2\/pages"}],"about":[{"href":"https:\/\/matrex.hr\/adventskikalendar\/index.php?rest_route=\/wp\/v2\/types\/page"}],"author":[{"embeddable":true,"href":"https:\/\/matrex.hr\/adventskikalendar\/index.php?rest_route=\/wp\/v2\/users\/1"}],"replies":[{"embeddable":true,"href":"https:\/\/matrex.hr\/adventskikalendar\/index.php?rest_route=%2Fwp%2Fv2%2Fcomments&post=16"}],"version-history":[{"count":1,"href":"https:\/\/matrex.hr\/adventskikalendar\/index.php?rest_route=\/wp\/v2\/pages\/16\/revisions"}],"predecessor-version":[{"id":17,"href":"https:\/\/matrex.hr\/adventskikalendar\/index.php?rest_route=\/wp\/v2\/pages\/16\/revisions\/17"}],"wp:attachment":[{"href":"https:\/\/matrex.hr\/adventskikalendar\/index.php?rest_route=%2Fwp%2Fv2%2Fmedia&parent=16"}],"curies":[{"name":"wp","href":"https:\/\/api.w.org\/{rel}","templated":true}]}}